{"id":20,"date":"2023-09-07T18:48:16","date_gmt":"2023-09-07T17:48:16","guid":{"rendered":"https:\/\/cigdemozkan.co\/?page_id=20"},"modified":"2025-06-02T13:12:15","modified_gmt":"2025-06-02T12:12:15","slug":"home","status":"publish","type":"page","link":"https:\/\/cigdemozkan.co\/","title":{"rendered":"HOME"},"content":{"rendered":"<p>[et_pb_section fb_built=&#8221;1&#8243; next_background_color=&#8221;#ffffff&#8221; admin_label=&#8221;Hero&#8221; _builder_version=&#8221;4.22.2&#8243; _module_preset=&#8221;default&#8221; background_enable_color=&#8221;off&#8221; background_image=&#8221;https:\/\/cigdemozkan.co\/wp-content\/uploads\/2023\/10\/ftm-fw3.jpg&#8221; background_position=&#8221;bottom_center&#8221; custom_padding=&#8221;9vw||||false|false&#8221; bottom_divider_style=&#8221;wave2&#8243; locked=&#8221;off&#8221; global_colors_info=&#8221;{}&#8221;][et_pb_row _builder_version=&#8221;4.22.1&#8243; _module_preset=&#8221;default&#8221; background_enable_color=&#8221;off&#8221; global_colors_info=&#8221;{}&#8221;][et_pb_column type=&#8221;4_4&#8243; _builder_version=&#8221;4.16&#8243; _module_preset=&#8221;default&#8221; global_colors_info=&#8221;{}&#8221;][et_pb_text _builder_version=&#8221;4.24.2&#8243; _module_preset=&#8221;default&#8221; header_font=&#8221;Playfair Display|600|||||||&#8221; header_text_color=&#8221;#924458&#8243; header_font_size=&#8221;62px&#8221; header_letter_spacing=&#8221;2px&#8221; header_2_font=&#8221;Montserrat|500||on|||||&#8221; header_2_text_color=&#8221;rgba(0,0,0,0.4)&#8221; header_2_font_size=&#8221;12px&#8221; header_2_letter_spacing=&#8221;1px&#8221; header_2_line_height=&#8221;1.8em&#8221; background_color=&#8221;#fff4f2&#8243; width=&#8221;64%&#8221; width_tablet=&#8221;&#8221; width_phone=&#8221;100%&#8221; width_last_edited=&#8221;on|phone&#8221; custom_padding=&#8221;20px|20px|20px|20px|false|false&#8221; header_font_tablet=&#8221;&#8221; header_font_phone=&#8221;&#8221; header_font_last_edited=&#8221;on|phone&#8221; header_font_size_tablet=&#8221;48px&#8221; header_font_size_phone=&#8221;24px&#8221; header_font_size_last_edited=&#8221;on|phone&#8221; global_colors_info=&#8221;{}&#8221;]<\/p>\n<h2 style=\"text-align: left;\"><span style=\"color: #a8797f;\">Wellbeing &amp; Lifestyle Blogger<\/span><\/h2>\n<h1 style=\"text-align: left;\">Feel Better, Be Better<\/h1>\n<p><span>Feeling Good Begins with Gratitude: Discover the Transformative Power of Thankfulness in Your Daily Life.<\/span><\/p>\n<p>&nbsp;<\/p>\n<p>[\/et_pb_text][et_pb_button button_url=&#8221;https:\/\/www.amazon.co.uk\/stores\/Inspired-By-Cee-Journals\/author\/B0BMLXZJ6F?ref=ap_rdr&#038;isDramIntegrated=true&#038;shoppingPortalEnabled=true&#8221; url_new_window=&#8221;on&#8221; button_text=&#8221;Buy Filtered To Me Journals&#8221; _builder_version=&#8221;4.25.1&#8243; _module_preset=&#8221;default&#8221; global_colors_info=&#8221;{}&#8221;][\/et_pb_button][\/et_pb_column][\/et_pb_row][\/et_pb_section][et_pb_section fb_built=&#8221;1&#8243; _builder_version=&#8221;4.27.4&#8243; _module_preset=&#8221;default&#8221; global_colors_info=&#8221;{}&#8221;][et_pb_row _builder_version=&#8221;4.27.4&#8243; _module_preset=&#8221;default&#8221; global_colors_info=&#8221;{}&#8221;][et_pb_column type=&#8221;4_4&#8243; _builder_version=&#8221;4.27.4&#8243; _module_preset=&#8221;default&#8221; global_colors_info=&#8221;{}&#8221;][et_pb_text _builder_version=&#8221;4.27.4&#8243; _module_preset=&#8221;default&#8221; header_text_align=&#8221;center&#8221; header_font_size=&#8221;84px&#8221; header_letter_spacing=&#8221;2px&#8221; header_font_size_tablet=&#8221;84px&#8221; header_font_size_phone=&#8221;41px&#8221; header_font_size_last_edited=&#8221;on|phone&#8221; global_colors_info=&#8221;{}&#8221;]<\/p>\n<h1>LATEST POSTS<\/h1>\n<p>[\/et_pb_text][\/et_pb_column][\/et_pb_row][et_pb_row _builder_version=&#8221;4.27.4&#8243; _module_preset=&#8221;default&#8221; global_colors_info=&#8221;{}&#8221;][et_pb_column type=&#8221;4_4&#8243; _builder_version=&#8221;4.27.4&#8243; _module_preset=&#8221;default&#8221; global_colors_info=&#8221;{}&#8221;][et_pb_post_slider show_meta=&#8221;off&#8221; bg_overlay_color=&#8221;rgba(20,20,20,0.36)&#8221; _builder_version=&#8221;4.27.4&#8243; _module_preset=&#8221;default&#8221; body_font=&#8221;|600|||||||&#8221; custom_button=&#8221;on&#8221; auto=&#8221;on&#8221; auto_speed=&#8221;5000&#8243; header_text_shadow_style=&#8221;preset1&#8243; text_shadow_style=&#8221;preset1&#8243; global_colors_info=&#8221;{}&#8221;][\/et_pb_post_slider][\/et_pb_column][\/et_pb_row][\/et_pb_section][et_pb_section fb_built=&#8221;1&#8243; _builder_version=&#8221;4.24.2&#8243; _module_preset=&#8221;default&#8221; global_colors_info=&#8221;{}&#8221;][et_pb_row _builder_version=&#8221;4.24.2&#8243; _module_preset=&#8221;default&#8221; global_colors_info=&#8221;{}&#8221;][et_pb_column type=&#8221;4_4&#8243; _builder_version=&#8221;4.24.2&#8243; _module_preset=&#8221;default&#8221; global_colors_info=&#8221;{}&#8221;][et_pb_video src=&#8221;https:\/\/youtu.be\/f__DWNqpU4M?si=a8EzhnVc9rTO6h0Z&#8221; image_src=&#8221;https:\/\/cigdemozkan.co\/wp-content\/uploads\/2024\/02\/FTM-VIDEO-Intro.jpg&#8221; _builder_version=&#8221;4.24.2&#8243; _module_preset=&#8221;default&#8221; global_colors_info=&#8221;{}&#8221;][\/et_pb_video][et_pb_button button_url=&#8221;https:\/\/cigdemozkan.co\/index.php\/shop\/&#8221; url_new_window=&#8221;on&#8221; button_text=&#8221;SHOP THE COLLECTION&#8221; _builder_version=&#8221;4.27.4&#8243; _module_preset=&#8221;433dbbd1-4556-4912-8f99-e925adea9714&#8243; global_colors_info=&#8221;{}&#8221;][\/et_pb_button][\/et_pb_column][\/et_pb_row][\/et_pb_section][et_pb_section fb_built=&#8221;1&#8243; admin_label=&#8221;Why Use Perfume&#8221; _builder_version=&#8221;4.24.2&#8243; _module_preset=&#8221;default&#8221; background_color=&#8221;#fff4f2&#8243; custom_margin=&#8221;||||false|false&#8221; custom_padding=&#8221;||||false|false&#8221; bottom_divider_color=&#8221;#dcb2ad&#8221; global_colors_info=&#8221;{}&#8221;][et_pb_row column_structure=&#8221;1_2,1_2&#8243; _builder_version=&#8221;4.16&#8243; _module_preset=&#8221;default&#8221; locked=&#8221;off&#8221; global_colors_info=&#8221;{}&#8221;][et_pb_column type=&#8221;1_2&#8243; _builder_version=&#8221;4.16&#8243; _module_preset=&#8221;default&#8221; custom_padding=&#8221;||||false|false&#8221; global_colors_info=&#8221;{}&#8221;][et_pb_image src=&#8221;https:\/\/cigdemozkan.co\/wp-content\/uploads\/2024\/02\/CEECEE.jpg&#8221; title_text=&#8221;CEECEE&#8221; _builder_version=&#8221;4.24.2&#8243; _module_preset=&#8221;default&#8221; global_colors_info=&#8221;{}&#8221;][\/et_pb_image][\/et_pb_column][et_pb_column type=&#8221;1_2&#8243; _builder_version=&#8221;4.16&#8243; _module_preset=&#8221;default&#8221; custom_padding=&#8221;60px||||false|false&#8221; custom_padding_tablet=&#8221;0px||||false|false&#8221; custom_padding_phone=&#8221;&#8221; custom_padding_last_edited=&#8221;on|tablet&#8221; global_colors_info=&#8221;{}&#8221;][et_pb_text _builder_version=&#8221;4.24.2&#8243; _module_preset=&#8221;default&#8221; text_font=&#8221;Cormorant Garamond|600|||||||&#8221; text_text_color=&#8221;#1f2a4b&#8221; text_font_size=&#8221;34px&#8221; text_line_height=&#8221;1.3em&#8221; header_font=&#8221;Playfair Display|700|||||||&#8221; header_text_align=&#8221;center&#8221; header_text_color=&#8221;#924458&#8243; header_font_size=&#8221;49px&#8221; header_font_size_tablet=&#8221;49px&#8221; header_font_size_phone=&#8221;49px&#8221; header_font_size_last_edited=&#8221;on|tablet&#8221; locked=&#8221;off&#8221; global_colors_info=&#8221;{}&#8221;]<\/p>\n<h1>Hello, Beautiful Souls!<\/h1>\n<p>[\/et_pb_text][et_pb_text _builder_version=&#8221;4.24.2&#8243; _module_preset=&#8221;default&#8221; text_font=&#8221;|300|||||||&#8221; text_font_size=&#8221;23px&#8221; text_line_height=&#8221;1.9em&#8221; locked=&#8221;off&#8221; global_colors_info=&#8221;{}&#8221;]<\/p>\n<p><span>Welcome to a space where creativity meets mindfulness, sustainability meets self-expression, and learning meets growth. My name is \u00c7i<\/span>\u011fdem \u00d6zkan<em>, <\/em>I&#8217;m <span>a passionate dreamer and budding adventurer in the world of fashion and well-being. I believe feeling good begins with gratitude, and that&#8217;s why I&#8217;ve dedicated this space to help you and I explore the transformative power of thankfulness in daily life.<\/span><\/p>\n<p>[\/et_pb_text][\/et_pb_column][\/et_pb_row][\/et_pb_section][et_pb_section fb_built=&#8221;1&#8243; prev_background_color=&#8221;#fff4f2&#8243; admin_label=&#8221;Footer&#8221; _builder_version=&#8221;4.24.2&#8243; _module_preset=&#8221;default&#8221; background_color=&#8221;#fff4f2&#8243; background_image=&#8221;https:\/\/cigdemozkan.co\/wp-content\/uploads\/2024\/02\/co-bg-1.jpg&#8221; min_height=&#8221;1033.2px&#8221; custom_padding=&#8221;12vw||12vw||true|false&#8221; top_divider_style=&#8221;wave2&#8243; global_module=&#8221;200&#8243; saved_tabs=&#8221;all&#8221; locked=&#8221;off&#8221; global_colors_info=&#8221;{}&#8221;][et_pb_row custom_padding_last_edited=&#8221;on|desktop&#8221; _builder_version=&#8221;4.24.2&#8243; _module_preset=&#8221;default&#8221; background_color=&#8221;rgba(255,255,255,0.69)&#8221; custom_margin=&#8221;||0px||false|false&#8221; custom_padding=&#8221;60px|70px||70px|false|false&#8221; custom_padding_tablet=&#8221;|30px||30px|false|true&#8221; custom_padding_phone=&#8221;|20px||20px|false|true&#8221; global_colors_info=&#8221;{}&#8221;][et_pb_column type=&#8221;4_4&#8243; _builder_version=&#8221;4.16&#8243; _module_preset=&#8221;default&#8221; global_colors_info=&#8221;{}&#8221;][et_pb_text _builder_version=&#8221;4.24.2&#8243; _module_preset=&#8221;default&#8221; header_2_font=&#8221;Cormorant Garamond|500|||||||&#8221; header_2_text_color=&#8221;#924458&#8243; header_2_font_size=&#8221;54px&#8221; header_3_font=&#8221;Montserrat|500||on|||||&#8221; header_3_text_color=&#8221;rgba(0,0,0,0.4)&#8221; header_3_font_size=&#8221;12px&#8221; header_3_letter_spacing=&#8221;1px&#8221; header_3_line_height=&#8221;1.8em&#8221; text_orientation=&#8221;center&#8221; custom_margin=&#8221;||0px||false|false&#8221; header_2_font_size_tablet=&#8221;38px&#8221; header_2_font_size_phone=&#8221;28px&#8221; header_2_font_size_last_edited=&#8221;on|phone&#8221; locked=&#8221;off&#8221; global_colors_info=&#8221;{}&#8221;]<\/p>\n<h3>SELF LOVE SOCIETY<\/h3>\n<h2>Join Our Newsletter<\/h2>\n<p>[\/et_pb_text][et_pb_text _builder_version=&#8221;4.24.2&#8243; _module_preset=&#8221;default&#8221; global_colors_info=&#8221;{}&#8221;]<\/p>\n<p style=\"text-align: center;\">We don&#8217;t spam and we&#8217;ll never share your information<\/p>\n<p>[\/et_pb_text][et_pb_signup provider=&#8221;mailerlite&#8221; mailerlite_list=&#8221;Cigdem Ozkan|113969315502360512&#8243; layout=&#8221;top_bottom&#8221; name_field=&#8221;on&#8221; name_fullwidth=&#8221;off&#8221; first_name_fullwidth=&#8221;off&#8221; last_name_fullwidth=&#8221;off&#8221; email_fullwidth=&#8221;off&#8221; success_message=&#8221;Great! Check you inbox \/ spam to confirm :)&#8221; name_fullwidth_tablet=&#8221;on&#8221; name_fullwidth_phone=&#8221;&#8221; name_fullwidth_last_edited=&#8221;on|tablet&#8221; first_name_fullwidth_tablet=&#8221;on&#8221; first_name_fullwidth_phone=&#8221;&#8221; first_name_fullwidth_last_edited=&#8221;on|phone&#8221; last_name_fullwidth_tablet=&#8221;on&#8221; last_name_fullwidth_phone=&#8221;&#8221; last_name_fullwidth_last_edited=&#8221;on|tablet&#8221; email_fullwidth_tablet=&#8221;on&#8221; email_fullwidth_phone=&#8221;&#8221; email_fullwidth_last_edited=&#8221;on|tablet&#8221; _builder_version=&#8221;4.24.2&#8243; _module_preset=&#8221;default&#8221; form_field_text_color=&#8221;#899093&#8243; form_field_custom_margin=&#8221;||8px||false|false&#8221; result_message_font=&#8221;Open Sans|600|||||||&#8221; result_message_text_color=&#8221;#924458&#8243; result_message_letter_spacing=&#8221;2px&#8221; form_field_font=&#8221;Montserrat||||||||&#8221; use_background_color=&#8221;off&#8221; custom_button=&#8221;on&#8221; button_text_size=&#8221;12px&#8221; button_text_color=&#8221;#ffffff&#8221; button_bg_color=&#8221;#924458&#8243; button_border_width=&#8221;0px&#8221; button_border_radius=&#8221;0px&#8221; button_letter_spacing=&#8221;2px&#8221; button_font=&#8221;Montserrat|500||on|||||&#8221; button_icon=&#8221;&#x24;||divi||400&#8243; button_on_hover=&#8221;off&#8221; button_custom_margin=&#8221;||||false|false&#8221; button_custom_padding=&#8221;15px||15px||true|false&#8221; border_radii_fields=&#8221;on|0px|0px|0px|0px&#8221; border_width_all_fields=&#8221;2px&#8221; border_color_all_fields=&#8221;rgba(137,144,147,0.16)&#8221; global_colors_info=&#8221;{}&#8221;][\/et_pb_signup][\/et_pb_column][\/et_pb_row][et_pb_row column_structure=&#8221;1_4,1_4,1_4,1_4&#8243; use_custom_gutter=&#8221;on&#8221; gutter_width=&#8221;2&#8243; custom_padding_last_edited=&#8221;on|phone&#8221; _builder_version=&#8221;4.24.2&#8243; _module_preset=&#8221;default&#8221; background_color=&#8221;rgba(255,255,255,0.68)&#8221; custom_margin=&#8221;0px||||false|false&#8221; custom_padding=&#8221;40px|70px|40px|70px|true|true&#8221; custom_padding_tablet=&#8221;|30px||30px|true|true&#8221; custom_padding_phone=&#8221;|20px||20px|true|true&#8221; global_colors_info=&#8221;{}&#8221;][et_pb_column type=&#8221;1_4&#8243; _builder_version=&#8221;4.16&#8243; _module_preset=&#8221;default&#8221; global_colors_info=&#8221;{}&#8221;][et_pb_text _builder_version=&#8221;4.25.1&#8243; _module_preset=&#8221;default&#8221; text_line_height=&#8221;2em&#8221; header_font=&#8221;|800|||||||&#8221; header_3_font=&#8221;Montserrat|600||on|||||&#8221; header_3_text_color=&#8221;rgba(0,0,0,0.4)&#8221; header_3_font_size=&#8221;12px&#8221; header_3_letter_spacing=&#8221;1px&#8221; header_3_line_height=&#8221;1.8em&#8221; header_5_font=&#8221;Montserrat|||on|||||&#8221; header_5_font_size=&#8221;12px&#8221; header_5_letter_spacing=&#8221;3px&#8221; locked=&#8221;off&#8221; global_colors_info=&#8221;{}&#8221;]<\/p>\n<h3 style=\"text-align: center;\">Menu<\/h3>\n<h5 style=\"text-align: center;\"><a href=\"https:\/\/cigdemozkan.co\">Home<\/a><\/h5>\n<h5 style=\"text-align: center;\"><a href=\"https:\/\/cigdemozkan.co\/index.php\/shop\/\">Shop<\/a><\/h5>\n<h5 style=\"text-align: center;\"><a href=\"https:\/\/cigdemozkan.co\/index.php\/blog\/\">Blog<\/a><\/h5>\n<h5 style=\"text-align: center;\"><a href=\"https:\/\/cigdemozkan.co\/index.php\/about\/#contact-me-today\">Contact<\/a><\/h5>\n<h5 style=\"text-align: center;\"><a href=\"https:\/\/cigdemozkan.co\/index.php\/about\/\">About<\/a><\/h5>\n<p>[\/et_pb_text][\/et_pb_column][et_pb_column type=&#8221;1_4&#8243; _builder_version=&#8221;4.16&#8243; _module_preset=&#8221;default&#8221; global_colors_info=&#8221;{}&#8221;][et_pb_text _builder_version=&#8221;4.24.2&#8243; _module_preset=&#8221;default&#8221; text_line_height=&#8221;2em&#8221; header_3_font=&#8221;Montserrat|700||on|||||&#8221; header_3_text_color=&#8221;rgba(0,0,0,0.4)&#8221; header_3_font_size=&#8221;12px&#8221; header_3_letter_spacing=&#8221;1px&#8221; header_3_line_height=&#8221;1.8em&#8221; header_5_font=&#8221;Montserrat|||on|||||&#8221; header_5_font_size=&#8221;12px&#8221; header_5_letter_spacing=&#8221;3px&#8221; locked=&#8221;off&#8221; global_colors_info=&#8221;{}&#8221;]<\/p>\n<h3 style=\"text-align: center;\">Legal<\/h3>\n<h5 style=\"text-align: center;\"><a href=\"https:\/\/cigdemozkan.co\/index.php\/privacy-policy\/\">Privacy<\/a><\/h5>\n<p>[\/et_pb_text][\/et_pb_column][et_pb_column type=&#8221;1_4&#8243; _builder_version=&#8221;4.16&#8243; _module_preset=&#8221;default&#8221; global_colors_info=&#8221;{}&#8221;][et_pb_text _builder_version=&#8221;4.24.2&#8243; _module_preset=&#8221;default&#8221; text_line_height=&#8221;2em&#8221; header_3_font=&#8221;Montserrat|700||on|||||&#8221; header_3_text_color=&#8221;rgba(0,0,0,0.4)&#8221; header_3_font_size=&#8221;12px&#8221; header_3_letter_spacing=&#8221;1px&#8221; header_3_line_height=&#8221;1.8em&#8221; locked=&#8221;off&#8221; global_colors_info=&#8221;{}&#8221;]<\/p>\n<h3 style=\"text-align: center;\">Follow<\/h3>\n<p>[\/et_pb_text][et_pb_social_media_follow icon_color=&#8221;#000000&#8243; _builder_version=&#8221;4.25.1&#8243; _module_preset=&#8221;default&#8221; text_orientation=&#8221;center&#8221; global_colors_info=&#8221;{}&#8221;][et_pb_social_media_follow_network social_network=&#8221;instagram&#8221; url=&#8221;https:\/\/www.instagram.com\/inspiredbyceejournals&#8221; _builder_version=&#8221;4.24.2&#8243; _module_preset=&#8221;default&#8221; background_color=&#8221;rgba(0,0,0,0)&#8221; background_enable_color=&#8221;on&#8221; global_colors_info=&#8221;{}&#8221;]instagram[\/et_pb_social_media_follow_network][et_pb_social_media_follow_network social_network=&#8221;tiktok&#8221; url=&#8221;https:\/\/www.tiktok.com\/@inspiredbyceejournals&#8221; _builder_version=&#8221;4.25.1&#8243; _module_preset=&#8221;default&#8221; background_color=&#8221;rgba(254,44,85,0)&#8221; background_enable_color=&#8221;on&#8221; global_colors_info=&#8221;{}&#8221;]tiktok[\/et_pb_social_media_follow_network][\/et_pb_social_media_follow][\/et_pb_column][et_pb_column type=&#8221;1_4&#8243; _builder_version=&#8221;4.16&#8243; _module_preset=&#8221;default&#8221; global_colors_info=&#8221;{}&#8221;][et_pb_image src=&#8221;https:\/\/cigdemozkan.co\/wp-content\/uploads\/2024\/02\/CO_LOGO-FANCY-scaled.jpg&#8221; title_text=&#8221;C\u0327O\u0308_LOGO-FANCY&#8221; align=&#8221;center&#8221; _builder_version=&#8221;4.24.2&#8243; _module_preset=&#8221;default&#8221; global_colors_info=&#8221;{}&#8221;][\/et_pb_image][\/et_pb_column][\/et_pb_row][et_pb_row _builder_version=&#8221;4.24.2&#8243; _module_preset=&#8221;default&#8221; background_color=&#8221;rgba(255,255,255,0.69)&#8221; global_colors_info=&#8221;{}&#8221;][et_pb_column type=&#8221;4_4&#8243; _builder_version=&#8221;4.24.2&#8243; _module_preset=&#8221;default&#8221; global_colors_info=&#8221;{}&#8221;][et_pb_text _builder_version=&#8221;4.27.4&#8243; _dynamic_attributes=&#8221;content&#8221; _module_preset=&#8221;default&#8221; text_font=&#8221;|600|||||||&#8221; text_font_size=&#8221;14px&#8221; text_letter_spacing=&#8221;3px&#8221; text_orientation=&#8221;center&#8221; text_font_size_tablet=&#8221;&#8221; text_font_size_phone=&#8221;11px&#8221; text_font_size_last_edited=&#8221;on|phone&#8221; global_colors_info=&#8221;{}&#8221;]@ET-DC@eyJkeW5hbWljIjp0cnVlLCJjb250ZW50IjoiY3VycmVudF9kYXRlIiwic2V0dGluZ3MiOnsiYmVmb3JlIjoiQ09QWVJJR0hUIFx1MDBhOSAgIiwiYWZ0ZXIiOiIgQ0lHREVNIE9aS0FOIiwiZGF0ZV9mb3JtYXQiOiJjdXN0b20iLCJjdXN0b21fZGF0ZV9mb3JtYXQiOiJZIn19@[\/et_pb_text][\/et_pb_column][\/et_pb_row][\/et_pb_section]<\/p>\n","protected":false},"excerpt":{"rendered":"<p>Wellbeing &amp; Lifestyle Blogger Feel Better, Be Better Feeling Good Begins with Gratitude: Discover the Transformative Power of Thankfulness in Your Daily Life. &nbsp;LATEST POSTSHello, Beautiful Souls!Welcome to a space where creativity meets mindfulness, sustainability meets self-expression, and learning meets growth. My name is \u00c7i\u011fdem \u00d6zkan, I&#8217;m a passionate dreamer and budding adventurer in the [&hellip;]<\/p>\n","protected":false},"author":1,"featured_media":0,"parent":0,"menu_order":0,"comment_status":"closed","ping_status":"closed","template":"","meta":{"_et_pb_use_builder":"on","_et_pb_old_content":"","_et_gb_content_width":"","pmpro_default_level":"","wprm-recipe-roundup-name":"","wprm-recipe-roundup-description":"","footnotes":""},"class_list":["post-20","page","type-page","status-publish","hentry","pmpro-has-access"],"yoast_head":"<!-- This site is optimized with the Yoast SEO plugin v26.5 - https:\/\/yoast.com\/wordpress\/plugins\/seo\/ -->\n<title>HOME - \u00c7i\u011fdem \u00d6zkan<\/title>\n<meta name=\"robots\" content=\"index, follow, max-snippet:-1, max-image-preview:large, max-video-preview:-1\" \/>\n<link rel=\"canonical\" href=\"https:\/\/cigdemozkan.co\/\" \/>\n<meta property=\"og:locale\" content=\"en_GB\" \/>\n<meta property=\"og:type\" content=\"article\" \/>\n<meta property=\"og:title\" content=\"HOME - \u00c7i\u011fdem \u00d6zkan\" \/>\n<meta property=\"og:description\" content=\"Wellbeing &amp; Lifestyle Blogger Feel Better, Be Better Feeling Good Begins with Gratitude: Discover the Transformative Power of Thankfulness in Your Daily Life. &nbsp;LATEST POSTSHello, Beautiful Souls!Welcome to a space where creativity meets mindfulness, sustainability meets self-expression, and learning meets growth. My name is \u00c7i\u011fdem \u00d6zkan, I&#039;m a passionate dreamer and budding adventurer in the [&hellip;]\" \/>\n<meta property=\"og:url\" content=\"https:\/\/cigdemozkan.co\/\" \/>\n<meta property=\"og:site_name\" content=\"\u00c7i\u011fdem \u00d6zkan\" \/>\n<meta property=\"article:modified_time\" content=\"2025-06-02T12:12:15+00:00\" \/>\n<meta name=\"twitter:card\" content=\"summary_large_image\" \/>\n<meta name=\"twitter:label1\" content=\"Estimated reading time\" \/>\n\t<meta name=\"twitter:data1\" content=\"3 minutes\" \/>\n<script type=\"application\/ld+json\" class=\"yoast-schema-graph\">{\"@context\":\"https:\/\/schema.org\",\"@graph\":[{\"@type\":\"WebPage\",\"@id\":\"https:\/\/cigdemozkan.co\/\",\"url\":\"https:\/\/cigdemozkan.co\/\",\"name\":\"HOME - \u00c7i\u011fdem \u00d6zkan\",\"isPartOf\":{\"@id\":\"https:\/\/cigdemozkan.co\/#website\"},\"datePublished\":\"2023-09-07T17:48:16+00:00\",\"dateModified\":\"2025-06-02T12:12:15+00:00\",\"breadcrumb\":{\"@id\":\"https:\/\/cigdemozkan.co\/#breadcrumb\"},\"inLanguage\":\"en-GB\",\"potentialAction\":[{\"@type\":\"ReadAction\",\"target\":[\"https:\/\/cigdemozkan.co\/\"]}]},{\"@type\":\"BreadcrumbList\",\"@id\":\"https:\/\/cigdemozkan.co\/#breadcrumb\",\"itemListElement\":[{\"@type\":\"ListItem\",\"position\":1,\"name\":\"Home\",\"item\":\"https:\/\/cigdemozkan.co\/\"},{\"@type\":\"ListItem\",\"position\":2,\"name\":\"HOME\"}]},{\"@type\":\"WebSite\",\"@id\":\"https:\/\/cigdemozkan.co\/#website\",\"url\":\"https:\/\/cigdemozkan.co\/\",\"name\":\"\u00c7i\u011fdem \u00d6zkan\",\"description\":\"Wellbeing &amp; Lifestyle Blogger\",\"potentialAction\":[{\"@type\":\"SearchAction\",\"target\":{\"@type\":\"EntryPoint\",\"urlTemplate\":\"https:\/\/cigdemozkan.co\/?s={search_term_string}\"},\"query-input\":{\"@type\":\"PropertyValueSpecification\",\"valueRequired\":true,\"valueName\":\"search_term_string\"}}],\"inLanguage\":\"en-GB\"}]}<\/script>\n<!-- \/ Yoast SEO plugin. -->","yoast_head_json":{"title":"HOME - \u00c7i\u011fdem \u00d6zkan","robots":{"index":"index","follow":"follow","max-snippet":"max-snippet:-1","max-image-preview":"max-image-preview:large","max-video-preview":"max-video-preview:-1"},"canonical":"https:\/\/cigdemozkan.co\/","og_locale":"en_GB","og_type":"article","og_title":"HOME - \u00c7i\u011fdem \u00d6zkan","og_description":"Wellbeing &amp; Lifestyle Blogger Feel Better, Be Better Feeling Good Begins with Gratitude: Discover the Transformative Power of Thankfulness in Your Daily Life. &nbsp;LATEST POSTSHello, Beautiful Souls!Welcome to a space where creativity meets mindfulness, sustainability meets self-expression, and learning meets growth. My name is \u00c7i\u011fdem \u00d6zkan, I'm a passionate dreamer and budding adventurer in the [&hellip;]","og_url":"https:\/\/cigdemozkan.co\/","og_site_name":"\u00c7i\u011fdem \u00d6zkan","article_modified_time":"2025-06-02T12:12:15+00:00","twitter_card":"summary_large_image","twitter_misc":{"Estimated reading time":"3 minutes"},"schema":{"@context":"https:\/\/schema.org","@graph":[{"@type":"WebPage","@id":"https:\/\/cigdemozkan.co\/","url":"https:\/\/cigdemozkan.co\/","name":"HOME - \u00c7i\u011fdem \u00d6zkan","isPartOf":{"@id":"https:\/\/cigdemozkan.co\/#website"},"datePublished":"2023-09-07T17:48:16+00:00","dateModified":"2025-06-02T12:12:15+00:00","breadcrumb":{"@id":"https:\/\/cigdemozkan.co\/#breadcrumb"},"inLanguage":"en-GB","potentialAction":[{"@type":"ReadAction","target":["https:\/\/cigdemozkan.co\/"]}]},{"@type":"BreadcrumbList","@id":"https:\/\/cigdemozkan.co\/#breadcrumb","itemListElement":[{"@type":"ListItem","position":1,"name":"Home","item":"https:\/\/cigdemozkan.co\/"},{"@type":"ListItem","position":2,"name":"HOME"}]},{"@type":"WebSite","@id":"https:\/\/cigdemozkan.co\/#website","url":"https:\/\/cigdemozkan.co\/","name":"\u00c7i\u011fdem \u00d6zkan","description":"Wellbeing &amp; Lifestyle Blogger","potentialAction":[{"@type":"SearchAction","target":{"@type":"EntryPoint","urlTemplate":"https:\/\/cigdemozkan.co\/?s={search_term_string}"},"query-input":{"@type":"PropertyValueSpecification","valueRequired":true,"valueName":"search_term_string"}}],"inLanguage":"en-GB"}]}},"_links":{"self":[{"href":"https:\/\/cigdemozkan.co\/index.php\/wp-json\/wp\/v2\/pages\/20","targetHints":{"allow":["GET"]}}],"collection":[{"href":"https:\/\/cigdemozkan.co\/index.php\/wp-json\/wp\/v2\/pages"}],"about":[{"href":"https:\/\/cigdemozkan.co\/index.php\/wp-json\/wp\/v2\/types\/page"}],"author":[{"embeddable":true,"href":"https:\/\/cigdemozkan.co\/index.php\/wp-json\/wp\/v2\/users\/1"}],"replies":[{"embeddable":true,"href":"https:\/\/cigdemozkan.co\/index.php\/wp-json\/wp\/v2\/comments?post=20"}],"version-history":[{"count":90,"href":"https:\/\/cigdemozkan.co\/index.php\/wp-json\/wp\/v2\/pages\/20\/revisions"}],"predecessor-version":[{"id":1308,"href":"https:\/\/cigdemozkan.co\/index.php\/wp-json\/wp\/v2\/pages\/20\/revisions\/1308"}],"wp:attachment":[{"href":"https:\/\/cigdemozkan.co\/index.php\/wp-json\/wp\/v2\/media?parent=20"}],"curies":[{"name":"wp","href":"https:\/\/api.w.org\/{rel}","templated":true}]}}